
{"id":889,"date":"2018-06-18T15:01:46","date_gmt":"2018-06-18T20:01:46","guid":{"rendered":"http:\/\/www.funtropico.org\/?page_id=889"},"modified":"2024-07-05T22:33:55","modified_gmt":"2024-07-06T03:33:55","slug":"documentacion-dian","status":"publish","type":"page","link":"https:\/\/www.funtropico.org\/?page_id=889","title":{"rendered":"Documentaci\u00f3n DIAN"},"content":{"rendered":"<div class=\"wpb-content-wrapper\"><p>[vc_row][vc_column][vc_tta_tabs][vc_tta_section i_icon_fontawesome=&#8221;fas fa-calendar&#8221; add_icon=&#8221;true&#8221; title=&#8221;2023&#8243; tab_id=&#8221;1720233950768-b1a23309-7d8e&#8221;][vc_column_text css=&#8221;&#8221;]<\/p>\n<ul>\n<li>\n<h4><strong><i class=\"fa fa-file-pdf-o\" aria-hidden=\"true\">\u00a0<\/i><a href=\"https:\/\/www.funtropico.org\/wp-content\/uploads\/2024\/07\/2024-ACTA-DE-AUTORIZACION-DE-PERMANENCIA.pdf\" target=\"_blank\" rel=\"noopener\">Acta de Autorizaci\u00f3n.<\/a><\/strong><\/h4>\n<\/li>\n<li>\n<h4><strong><i class=\"fa fa-file-pdf-o\" aria-hidden=\"true\">\u00a0<\/i><a href=\"https:\/\/www.funtropico.org\/wp-content\/uploads\/2024\/07\/2024-CAMARA-DE-COMERCIO-JUNIO-2023.pdf\" target=\"_blank\" rel=\"noopener\">C\u00e1mara de Comercio.<\/a><\/strong><\/h4>\n<\/li>\n<li>\n<h4><strong><i class=\"fa fa-file-pdf-o\" aria-hidden=\"true\">\u00a0<\/i><a href=\"https:\/\/www.funtropico.org\/wp-content\/uploads\/2024\/07\/2024-CERTIFICADO-DE-CUMPLIMIENTO-DE-REQUISITOS-PARA-ESAL.pdf\" target=\"_blank\" rel=\"noopener\">Certificado de Cumplimiento de Requisitos para Esal.<\/a><\/strong><\/h4>\n<\/li>\n<li>\n<h4><strong><i class=\"fa fa-file-pdf-o\" aria-hidden=\"true\">\u00a0<\/i><a href=\"https:\/\/www.funtropico.org\/wp-content\/uploads\/2024\/07\/2024-declaracion-de-renta-f-tropico-2023.pdf\" target=\"_blank\" rel=\"noopener\">Declaraci\u00f3n de Renta Fundaci\u00f3n Tr\u00f3pico.<\/a><\/strong><\/h4>\n<\/li>\n<li>\n<h4><strong><i class=\"fa fa-file-pdf-o\" aria-hidden=\"true\">\u00a0<\/i><a href=\"https:\/\/www.funtropico.org\/wp-content\/uploads\/2024\/07\/2024-EEFF-2023-INDIVI-FUNDACION-TROPICO.pdf\" target=\"_blank\" rel=\"noopener\">EEFF 2023 Indivi Fundaci\u00f3n Tr\u00f3pico.<\/a><\/strong><\/h4>\n<\/li>\n<li>\n<h4><strong><i class=\"fa fa-file-pdf-o\" aria-hidden=\"true\">\u00a0<\/i><a href=\"https:\/\/www.funtropico.org\/wp-content\/uploads\/2024\/07\/2024-INFORME-DE-GESTION-2023-FUNDACION-TROPICO.pdf\" target=\"_blank\" rel=\"noopener\">Informe de Gesti\u00f3n 2023 Fundaci\u00f3n Tr\u00f3pico.<\/a><\/strong><\/h4>\n<\/li>\n<li>\n<h4><strong><i class=\"fa fa-file-pdf-o\" aria-hidden=\"true\">\u00a0<\/i><a href=\"https:\/\/www.funtropico.org\/wp-content\/uploads\/2024\/07\/2024-PRESENTACION-DE-INFORME-ENVIO-DE-ARCHIVOS.pdf\" target=\"_blank\" rel=\"noopener\">Presentaci\u00f3n de Informe Envio de Archivos.<\/a><\/strong><\/h4>\n<\/li>\n<\/ul>\n<p>[\/vc_column_text][\/vc_tta_section][vc_tta_section i_icon_fontawesome=&#8221;fas fa-calendar&#8221; add_icon=&#8221;true&#8221; title=&#8221;2022&#8243; tab_id=&#8221;1720233950768-2d62e200-ac72&#8243;][vc_row_inner][vc_column_inner][vc_column_text css=&#8221;&#8221;]<\/p>\n<ul>\n<li>\n<h4><strong><i class=\"fa fa-file-pdf-o\" aria-hidden=\"true\">\u00a0<\/i><a href=\"http:\/\/www.funtropico.org\/wp-content\/uploads\/2018\/06\/ACTA-DE-CONSTITUCION-INICIOS-F.T-1998.pdf\" target=\"_blank\" rel=\"noopener\">Acta de Constituci\u00f3n<\/a><\/strong><\/h4>\n<\/li>\n<li>\n<h4><strong><i class=\"fa fa-file-pdf-o\" aria-hidden=\"true\">\u00a0<\/i><a href=\"http:\/\/www.funtropico.org\/wp-content\/uploads\/2018\/06\/ESTATUTOS-FUNDACION-TROPICO-2015.pdf\" target=\"_blank\" rel=\"noopener\">Estatutos Fundaci\u00f3n Tropico 2015<\/a><\/strong><\/h4>\n<\/li>\n<li>\n<h4><strong><i class=\"fa fa-file-pdf-o\" aria-hidden=\"true\">\u00a0<\/i><a href=\"https:\/\/www.funtropico.org\/wp-content\/uploads\/2022\/04\/ACTA-DE-AUTORIZACION-DE-PERMANENCIA.pdf\" target=\"_blank\" rel=\"noopener\">Acta de Autorizaci\u00f3n de Permanenc\u00eda<\/a><\/strong><\/h4>\n<\/li>\n<li>\n<h4><i class=\"fa fa-file-pdf-o\" aria-hidden=\"true\">\u00a0<\/i><a href=\"https:\/\/www.funtropico.org\/wp-content\/uploads\/2022\/04\/CAMARA-DE-COMERCIO-2022.pdf\" target=\"_blank\" rel=\"noopener\"><strong>C\u00e1mara de Comercio 2022<\/strong><\/a><\/h4>\n<\/li>\n<li>\n<h4><i class=\"fa fa-file-pdf-o\" aria-hidden=\"true\">\u00a0<\/i><a href=\"https:\/\/www.funtropico.org\/wp-content\/uploads\/2022\/04\/CERTIFICADO-DE-CUMPLIMIENTO-DE-REQUISITOS-PARA-ESAL.pdf\" target=\"_blank\" rel=\"noopener\"><strong>Certificado de Cumplimiento de Requisitos para ESAL 2022<\/strong><\/a><\/h4>\n<\/li>\n<li>\n<h4><i class=\"fa fa-file-pdf-o\" aria-hidden=\"true\">\u00a0<\/i><a href=\"https:\/\/www.funtropico.org\/wp-content\/uploads\/2022\/04\/DECLARACION-DE-RENTA-2020.pdf\" target=\"_blank\" rel=\"noopener\"><strong>Declaraci\u00f3n de Renta 2020<\/strong><\/a><\/h4>\n<\/li>\n<li>\n<h4><i class=\"fa fa-file-pdf-o\" aria-hidden=\"true\">\u00a0<\/i><a href=\"https:\/\/www.funtropico.org\/wp-content\/uploads\/2022\/04\/ESTADOS-FINANCIEROS-FUNDACION-TROPICO-2021.pdf\" target=\"_blank\" rel=\"noopener\"><strong>Estados Financieros Fundaci\u00f3n Tr\u00f3pico 2021<\/strong><\/a><\/h4>\n<\/li>\n<li>\n<h4><i class=\"fa fa-file-pdf-o\" aria-hidden=\"true\">\u00a0<\/i><a href=\"https:\/\/www.funtropico.org\/wp-content\/uploads\/2022\/04\/INFORME-DE-GESTION-2021-FUNDACION-TROPICO.pdf\" target=\"_blank\" rel=\"noopener\"><strong>Informe de Gesti\u00f3n 2021 Fundaci\u00f3n Tr\u00f3pico<\/strong><\/a><\/h4>\n<\/li>\n<li>\n<h4><i class=\"fa fa-file-pdf-o\" aria-hidden=\"true\">\u00a0<\/i><a href=\"https:\/\/www.funtropico.org\/wp-content\/uploads\/2022\/04\/PRESENTACION-DE-IFORMACION-ENVIO-DE-ARCHIVO-ESAL.pdf\" target=\"_blank\" rel=\"noopener\"><strong>Presentaci\u00f3n de Informaci\u00f3n Envio de Archivo ESAL<\/strong><\/a><\/h4>\n<\/li>\n<\/ul>\n<p>[\/vc_column_text][\/vc_column_inner][\/vc_row_inner][\/vc_tta_section][\/vc_tta_tabs][\/vc_column][\/vc_row]<\/p>\n<\/div>","protected":false},"excerpt":{"rendered":"<p>[vc_row][vc_column][vc_tta_tabs][vc_tta_section i_icon_fontawesome=&#8221;fas fa-calendar&#8221; add_icon=&#8221;true&#8221; title=&#8221;2023&#8243; tab_id=&#8221;1720233950768-b1a23309-7d8e&#8221;][vc_column_text css=&#8221;&#8221;] \u00a0Acta de Autorizaci\u00f3n. \u00a0C\u00e1mara de Comercio. \u00a0Certificado de Cumplimiento de Requisitos para Esal. \u00a0Declaraci\u00f3n de Renta Fundaci\u00f3n Tr\u00f3pico. \u00a0EEFF 2023 Indivi Fundaci\u00f3n Tr\u00f3pico. \u00a0Informe de Gesti\u00f3n 2023 Fundaci\u00f3n Tr\u00f3pico. \u00a0Presentaci\u00f3n de Informe Envio de Archivos. [\/vc_column_text][\/vc_tta_section][vc_tta_section i_icon_fontawesome=&#8221;fas fa-calendar&#8221; add_icon=&#8221;true&#8221; title=&#8221;2022&#8243; tab_id=&#8221;1720233950768-2d62e200-ac72&#8243;][vc_row_inner][vc_column_inner][vc_column_text css=&#8221;&#8221;] \u00a0Acta de Constituci\u00f3n \u00a0Estatutos Fundaci\u00f3n TropicoLeer m\u00e1s &#8230;<\/p>\n","protected":false},"author":1,"featured_media":0,"parent":0,"menu_order":0,"comment_status":"closed","ping_status":"closed","template":"","meta":[],"acf":[],"_links":{"self":[{"href":"https:\/\/www.funtropico.org\/index.php?rest_route=\/wp\/v2\/pages\/889"}],"collection":[{"href":"https:\/\/www.funtropico.org\/index.php?rest_route=\/wp\/v2\/pages"}],"about":[{"href":"https:\/\/www.funtropico.org\/index.php?rest_route=\/wp\/v2\/types\/page"}],"author":[{"embeddable":true,"href":"https:\/\/www.funtropico.org\/index.php?rest_route=\/wp\/v2\/users\/1"}],"replies":[{"embeddable":true,"href":"https:\/\/www.funtropico.org\/index.php?rest_route=%2Fwp%2Fv2%2Fcomments&post=889"}],"version-history":[{"count":26,"href":"https:\/\/www.funtropico.org\/index.php?rest_route=\/wp\/v2\/pages\/889\/revisions"}],"predecessor-version":[{"id":1171,"href":"https:\/\/www.funtropico.org\/index.php?rest_route=\/wp\/v2\/pages\/889\/revisions\/1171"}],"wp:attachment":[{"href":"https:\/\/www.funtropico.org\/index.php?rest_route=%2Fwp%2Fv2%2Fmedia&parent=889"}],"curies":[{"name":"wp","href":"https:\/\/api.w.org\/{rel}","templated":true}]}}