
{"id":775,"date":"2018-04-25T13:48:35","date_gmt":"2018-04-25T18:48:35","guid":{"rendered":"http:\/\/www.funtropico.org\/?page_id=775"},"modified":"2018-04-25T13:48:35","modified_gmt":"2018-04-25T18:48:35","slug":"participacion-comunitaria","status":"publish","type":"page","link":"https:\/\/www.funtropico.org\/?page_id=775","title":{"rendered":"Participaci\u00f3n Comunitaria"},"content":{"rendered":"<div class=\"wpb-content-wrapper\"><p>[vc_row][vc_column][vc_empty_space][\/vc_column][\/vc_row][vc_row full_width=&#8221;stretch_row&#8221; content_placement=&#8221;middle&#8221;][vc_column width=&#8221;2\/3&#8243;][vc_column_text css_animation=&#8221;fadeIn&#8221;]<\/p>\n<p style=\"text-align: justify;\">Este principio es la base de la labor de la instituci\u00f3n; considerando a la comunidad como\u00a0 sujeto y actor principal de su desarrollo buscando siempre el fortalecimiento de la capacidad de las comunidades para plantear soluciones a sus necesidades sociales, econ\u00f3micas y ambientales e introduciendo elementos de autogesti\u00f3n, liderazgo y convivencia pac\u00edfica.<\/p>\n<p>[\/vc_column_text][\/vc_column][vc_column css_animation=&#8221;fadeInUp&#8221; width=&#8221;1\/3&#8243;][vc_gallery interval=&#8221;3&#8243; images=&#8221;701,688,679&#8243; img_size=&#8221;400&#215;400&#8243; css_animation=&#8221;left-to-right&#8221;][\/vc_column][\/vc_row][vc_row][vc_column][vc_empty_space][\/vc_column][\/vc_row]<\/p>\n<\/div>","protected":false},"excerpt":{"rendered":"<p>[vc_row][vc_column][vc_empty_space][\/vc_column][\/vc_row][vc_row full_width=&#8221;stretch_row&#8221; content_placement=&#8221;middle&#8221;][vc_column width=&#8221;2\/3&#8243;][vc_column_text css_animation=&#8221;fadeIn&#8221;] Este principio es la base de la labor de la instituci\u00f3n; considerando a la comunidad como\u00a0 sujeto y actor principal de su desarrollo buscando siempre el fortalecimiento de la capacidad de las comunidades para plantear soluciones a sus necesidades sociales, econ\u00f3micas y ambientales e introduciendo elementos de autogesti\u00f3n, liderazgo yLeer m\u00e1s &#8230;<\/p>\n","protected":false},"author":1,"featured_media":0,"parent":0,"menu_order":0,"comment_status":"closed","ping_status":"closed","template":"template-service.php","meta":[],"acf":[],"_links":{"self":[{"href":"https:\/\/www.funtropico.org\/index.php?rest_route=\/wp\/v2\/pages\/775"}],"collection":[{"href":"https:\/\/www.funtropico.org\/index.php?rest_route=\/wp\/v2\/pages"}],"about":[{"href":"https:\/\/www.funtropico.org\/index.php?rest_route=\/wp\/v2\/types\/page"}],"author":[{"embeddable":true,"href":"https:\/\/www.funtropico.org\/index.php?rest_route=\/wp\/v2\/users\/1"}],"replies":[{"embeddable":true,"href":"https:\/\/www.funtropico.org\/index.php?rest_route=%2Fwp%2Fv2%2Fcomments&post=775"}],"version-history":[{"count":1,"href":"https:\/\/www.funtropico.org\/index.php?rest_route=\/wp\/v2\/pages\/775\/revisions"}],"predecessor-version":[{"id":777,"href":"https:\/\/www.funtropico.org\/index.php?rest_route=\/wp\/v2\/pages\/775\/revisions\/777"}],"wp:attachment":[{"href":"https:\/\/www.funtropico.org\/index.php?rest_route=%2Fwp%2Fv2%2Fmedia&parent=775"}],"curies":[{"name":"wp","href":"https:\/\/api.w.org\/{rel}","templated":true}]}}