
{"id":773,"date":"2018-04-25T13:46:37","date_gmt":"2018-04-25T18:46:37","guid":{"rendered":"http:\/\/www.funtropico.org\/?page_id=773"},"modified":"2018-04-25T13:46:37","modified_gmt":"2018-04-25T18:46:37","slug":"capacitacion-y-formacion","status":"publish","type":"page","link":"https:\/\/www.funtropico.org\/?page_id=773","title":{"rendered":"Capacitaci\u00f3n y Formaci\u00f3n"},"content":{"rendered":"<div class=\"wpb-content-wrapper\"><p>[vc_row][vc_column][vc_empty_space][\/vc_column][\/vc_row][vc_row full_width=&#8221;stretch_row&#8221; content_placement=&#8221;middle&#8221;][vc_column width=&#8221;2\/3&#8243;][vc_column_text css_animation=&#8221;fadeIn&#8221;]<\/p>\n<p style=\"text-align: justify;\">Los procesos de capacitaci\u00f3n se realizan mediante la metodolog\u00eda de aprender-haciendo, Escuelas de Campo para Agricultores, donde el intercambio de conocimientos entre t\u00e9cnicos, comunidad y entre miembros de la comunidad, es la base de esta estrategia;\u00a0 valorando y teniendo en cuenta la cosmovisi\u00f3n y los conocimientos tenidos por la comunidad, objeto de nuestra intervenci\u00f3n.<\/p>\n<p>[\/vc_column_text][\/vc_column][vc_column css_animation=&#8221;fadeInUp&#8221; width=&#8221;1\/3&#8243;][vc_gallery interval=&#8221;3&#8243; images=&#8221;711,700&#8243; img_size=&#8221;400&#215;400&#8243; css_animation=&#8221;left-to-right&#8221;][\/vc_column][\/vc_row][vc_row][vc_column][vc_empty_space][\/vc_column][\/vc_row]<\/p>\n<\/div>","protected":false},"excerpt":{"rendered":"<p>[vc_row][vc_column][vc_empty_space][\/vc_column][\/vc_row][vc_row full_width=&#8221;stretch_row&#8221; content_placement=&#8221;middle&#8221;][vc_column width=&#8221;2\/3&#8243;][vc_column_text css_animation=&#8221;fadeIn&#8221;] Los procesos de capacitaci\u00f3n se realizan mediante la metodolog\u00eda de aprender-haciendo, Escuelas de Campo para Agricultores, donde el intercambio de conocimientos entre t\u00e9cnicos, comunidad y entre miembros de la comunidad, es la base de esta estrategia;\u00a0 valorando y teniendo en cuenta la cosmovisi\u00f3n y los conocimientos tenidos por la comunidad,Leer m\u00e1s &#8230;<\/p>\n","protected":false},"author":1,"featured_media":0,"parent":0,"menu_order":0,"comment_status":"closed","ping_status":"closed","template":"template-service.php","meta":[],"acf":[],"_links":{"self":[{"href":"https:\/\/www.funtropico.org\/index.php?rest_route=\/wp\/v2\/pages\/773"}],"collection":[{"href":"https:\/\/www.funtropico.org\/index.php?rest_route=\/wp\/v2\/pages"}],"about":[{"href":"https:\/\/www.funtropico.org\/index.php?rest_route=\/wp\/v2\/types\/page"}],"author":[{"embeddable":true,"href":"https:\/\/www.funtropico.org\/index.php?rest_route=\/wp\/v2\/users\/1"}],"replies":[{"embeddable":true,"href":"https:\/\/www.funtropico.org\/index.php?rest_route=%2Fwp%2Fv2%2Fcomments&post=773"}],"version-history":[{"count":1,"href":"https:\/\/www.funtropico.org\/index.php?rest_route=\/wp\/v2\/pages\/773\/revisions"}],"predecessor-version":[{"id":774,"href":"https:\/\/www.funtropico.org\/index.php?rest_route=\/wp\/v2\/pages\/773\/revisions\/774"}],"wp:attachment":[{"href":"https:\/\/www.funtropico.org\/index.php?rest_route=%2Fwp%2Fv2%2Fmedia&parent=773"}],"curies":[{"name":"wp","href":"https:\/\/api.w.org\/{rel}","templated":true}]}}