
{"id":142,"date":"2015-11-10T09:49:07","date_gmt":"2015-11-10T09:49:07","guid":{"rendered":"http:\/\/qkthemes-demo.com\/wordpress\/construct\/?page_id=68"},"modified":"2019-03-15T11:18:06","modified_gmt":"2019-03-15T16:18:06","slug":"home","status":"publish","type":"page","link":"https:\/\/www.funtropico.org\/","title":{"rendered":"Inicio"},"content":{"rendered":"<div class=\"wpb-content-wrapper\"><p>[vc_row full_width=&#8221;stretch_row_content_no_spaces&#8221; el_id=&#8221;home-section&#8221; el_class=&#8221;slider1&#8243;][vc_column][rev_slider_vc alias=&#8221;home&#8221;][\/vc_column][\/vc_row][vc_row css=&#8221;.vc_custom_1524792457281{background-color: #000000 !important;}&#8221;][vc_column][vc_empty_space][\/vc_column][\/vc_row][vc_row][vc_column width=&#8221;1\/6&#8243;][\/vc_column][vc_column width=&#8221;2\/3&#8243;][vc_row_inner][vc_column_inner][vc_column_text]<\/p>\n<h1 style=\"text-align: center;\"><span style=\"color: #27b354;\"><strong>FUNDACI\u00d3N TROPICO<\/strong><\/span><\/h1>\n<p>[\/vc_column_text][vc_separator css_animation=&#8221;slideInLeft&#8221;][vc_column_text css_animation=&#8221;slideInUp&#8221;]<\/p>\n<div class=\"vc_row wpb_row vc_inner vc_row-fluid\">\n<div class=\"container\">\n<div class=\"row\">\n<div class=\"wpb_column vc_column_container vc_col-sm-12\">\n<div class=\"vc_column-inner \">\n<div class=\"wpb_wrapper\">\n<div class=\"wpb_text_column wpb_content_element wpb_animate_when_almost_visible wpb_bottom-to-top bottom-to-top wpb_start_animation animated\">\n<div class=\"wpb_wrapper\" style=\"text-align: justify;\">\n<h3>La Fundaci\u00f3n Tr\u00f3pico, es una entidad de derecho civil, de inter\u00e9s p\u00fablico y sin \u00e1nimo de lucro; que construye alternativas de soluci\u00f3n a las problem\u00e1ticas sociales, econ\u00f3micas y ambientales, de las poblaciones objeto de su intervenci\u00f3n, contribuyendo al mejoramiento de la calidad de vida, aplicando metodolog\u00edas participativas en la que se asocian el intercambio de saberes, asesor\u00edas t\u00e9cnica, la promoci\u00f3n y consolidaci\u00f3n de procesos organizativos, de convivencia pac\u00edfica y productivos.<\/h3>\n<\/div>\n<\/div>\n<\/div>\n<\/div>\n<\/div>\n<div class=\"wpb_column vc_column_container vc_col-sm-2\">\n<div class=\"vc_column-inner \">\n<div class=\"wpb_wrapper\"><\/div>\n<\/div>\n<\/div>\n<\/div>\n<\/div>\n<\/div>\n<p>[\/vc_column_text][\/vc_column_inner][\/vc_row_inner][\/vc_column][vc_column width=&#8221;1\/6&#8243;][\/vc_column][\/vc_row][vc_row][vc_column][vc_empty_space][\/vc_column][\/vc_row][vc_row css=&#8221;.vc_custom_1524760999630{padding-bottom: 10px !important;background-color: #000000 !important;}&#8221;][vc_column][vc_column_text]<\/p>\n<h1 style=\"text-align: center;\"><strong><span style=\"color: white;\">PARA EL DESARROLLO SOCIAL, ECON\u00d3MICO Y AMBIENTAL DEL CARIBE.<\/span><\/strong><\/h1>\n<p>[\/vc_column_text][\/vc_column][\/vc_row][vc_row][vc_column][vc_separator][vc_empty_space][\/vc_column][\/vc_row][vc_row css=&#8221;.vc_custom_1524847326664{background-color: #f1f1f1 !important;}&#8221;][vc_column][vc_empty_space][vc_row_inner][vc_column_inner][vc_column_text]<\/p>\n<h1><strong><span style=\"color: #27b354;\">NOSOTROS<\/span><\/strong><\/h1>\n<p>[\/vc_column_text][\/vc_column_inner][\/vc_row_inner][vc_row_inner][vc_column_inner width=&#8221;1\/2&#8243;][vc_single_image image=&#8221;804&#8243; alignment=&#8221;center&#8221;][\/vc_column_inner][vc_column_inner width=&#8221;1\/2&#8243; css=&#8221;.vc_custom_1524846605686{background-color: #d0d0d0 !important;}&#8221;][vc_column_text]<\/p>\n<p style=\"text-align: justify;\">Apoyar a las comunidades objeto de intervenci\u00f3n, mediante la puesta en marcha de iniciativas que tengan en cuenta el concepto de desarrollo a escala humana, la sostenibilidad ambiental, la convivencia pac\u00edfica, el respeto por la dignidad humana, la participaci\u00f3n comunitaria y las relaciones institucionales, como estrategia para el mejoramiento de sus condiciones de vida.<\/p>\n<p>&nbsp;<\/p>\n<p>[\/vc_column_text][\/vc_column_inner][\/vc_row_inner][\/vc_column][\/vc_row][vc_row][vc_column][vc_empty_space][vc_separator][\/vc_column][\/vc_row][vc_row el_class=&#8221;services-section&#8221; css=&#8221;.vc_custom_1479836358745{padding-top: 60px !important;padding-bottom: 20px !important;}&#8221;][vc_column][vc_row_inner][vc_column_inner][vc_custom_heading text=&#8221;PILARES ESTRAT\u00c9GICOS&#8221; font_container=&#8221;tag:h2|text_align:left|color:%2327b354&#8243; use_theme_fonts=&#8221;yes&#8221; css_animation=&#8221;zoomIn&#8221;][\/vc_column_inner][\/vc_row_inner][\/vc_column][vc_column width=&#8221;1\/4&#8243;][qk_service title=&#8221;Desarrollo Econ\u00f3mico y Ambiental&#8221; image=&#8221;681&#8243; link=&#8221;http:\/\/www.funtropico.org\/?page_id=729&#8243;]<\/p>\n<p style=\"text-align: justify;\">Buscamos el fortalecimiento del sistema productivo de la familia y la comunidad en general, promoviendo el desarrollo de actividades productivas con valor econ\u00f3mico y ambiental, mediante la creaci\u00f3n de formas asociativas que mejoren su competitividad, manejando conceptos de producci\u00f3n limpia, de valor agregado, sostenibilidad ambiental y de conservaci\u00f3n de la biodiversidad.<\/p>\n<p>[\/qk_service][\/vc_column][vc_column width=&#8221;1\/4&#8243;][qk_service title=&#8221;Capacitaci\u00f3n y Formaci\u00f3n&#8221; image=&#8221;714&#8243; link=&#8221;http:\/\/www.funtropico.org\/?page_id=773&#8243;]<\/p>\n<p style=\"text-align: justify;\">Los procesos de capacitaci\u00f3n se realizan mediante la metodolog\u00eda de aprender-haciendo, Escuelas de Campo para Agricultores, donde el intercambio de conocimientos entre t\u00e9cnicos, comunidad y entre miembros de la comunidad, es la base de esta estrategia; valorando y teniendo en cuenta la cosmovisi\u00f3n y los conocimientos tenidos por la comunidad, objeto de nuestra intervenci\u00f3n.<\/p>\n<p>[\/qk_service][\/vc_column][vc_column width=&#8221;1\/4&#8243;][qk_service title=&#8221;Participaci\u00f3n Comunitaria&#8221; image=&#8221;720&#8243; link=&#8221;http:\/\/www.funtropico.org\/?page_id=775&#8243;]<\/p>\n<p style=\"text-align: justify;\">Este principio es la base de la labor de la instituci\u00f3n; considerando a la comunidad como sujeto y actor principal de su desarrollo buscando siempre el fortalecimiento de la capacidad de las comunidades para plantear soluciones a sus necesidades sociales, econ\u00f3micas y ambientales e introduciendo elementos de autogesti\u00f3n, liderazgo y convivencia pac\u00edfica.<\/p>\n<p>[\/qk_service][\/vc_column][vc_column width=&#8221;1\/4&#8243;][qk_service title=&#8221;Enfoque de G\u00e9nero&#8221; image=&#8221;693&#8243; link=&#8221;#http:\/\/www.funtropico.org\/?page_id=779&#8243;]<\/p>\n<p style=\"text-align: justify;\">Mediante este enfoque promovemos la participaci\u00f3n equitativa de mujeres y hombres en todas sus actividades productivas, sociales y de capacitaci\u00f3n; lo que significa vincular a las mujeres en otros ambientes diferentes del tradicional, como los espacios productivos y aquellas en los que se tomen decisiones comunitarias.<\/p>\n<p>[\/qk_service][\/vc_column][\/vc_row][vc_row][vc_column][rev_slider_vc alias=&#8221;home-parallax&#8221;][\/vc_column][\/vc_row][vc_row][vc_column][vc_empty_space][\/vc_column][\/vc_row][vc_row][vc_column width=&#8221;1\/4&#8243;][vc_column_text]<\/p>\n<h2><strong><span style=\"color: #000000;\">ULTIMAS NOTICIAS<\/span><\/strong><\/h2>\n<p>[\/vc_column_text][\/vc_column][vc_column width=&#8221;3\/4&#8243;][vc_empty_space height=&#8221;20&#8243;][\/vc_column][\/vc_row][vc_row][vc_column][vc_empty_space height=&#8221;16&#8243;][\/vc_column][\/vc_row][vc_row][vc_column][vc_basic_grid post_type=&#8221;post&#8221; max_items=&#8221;10&#8243; grid_id=&#8221;vc_gid:1552666122979-36e41d27-6036-6&#8243; taxonomies=&#8221;30&#8243;][\/vc_column][\/vc_row][vc_row][vc_column][vc_empty_space css=&#8221;.vc_custom_1552664708975{background-color: #27b354 !important;}&#8221;][\/vc_column][\/vc_row][vc_row][vc_column][vc_empty_space][\/vc_column][\/vc_row][vc_row][vc_column][qk_portfolio_slider][\/vc_column][\/vc_row][vc_row][vc_column][vc_empty_space height=&#8221;16&#8243;][\/vc_column][\/vc_row]<\/p>\n<\/div>","protected":false},"excerpt":{"rendered":"<p>[vc_row full_width=&#8221;stretch_row_content_no_spaces&#8221; el_id=&#8221;home-section&#8221; el_class=&#8221;slider1&#8243;][vc_column][rev_slider_vc alias=&#8221;home&#8221;][\/vc_column][\/vc_row][vc_row css=&#8221;.vc_custom_1524792457281{background-color: #000000 !important;}&#8221;][vc_column][vc_empty_space][\/vc_column][\/vc_row][vc_row][vc_column width=&#8221;1\/6&#8243;][\/vc_column][vc_column width=&#8221;2\/3&#8243;][vc_row_inner][vc_column_inner][vc_column_text] FUNDACI\u00d3N TROPICO [\/vc_column_text][vc_separator css_animation=&#8221;slideInLeft&#8221;][vc_column_text css_animation=&#8221;slideInUp&#8221;] La Fundaci\u00f3n Tr\u00f3pico, es una entidad de derecho civil, de inter\u00e9s p\u00fablico y sin \u00e1nimo de lucro; que construye alternativas de soluci\u00f3n a las problem\u00e1ticas sociales, econ\u00f3micas y ambientales, de las poblaciones objeto de su intervenci\u00f3n, contribuyendo al mejoramiento deLeer m\u00e1s &#8230;<\/p>\n","protected":false},"author":1,"featured_media":0,"parent":0,"menu_order":0,"comment_status":"closed","ping_status":"closed","template":"template-home.php","meta":[],"acf":[],"_links":{"self":[{"href":"https:\/\/www.funtropico.org\/index.php?rest_route=\/wp\/v2\/pages\/142"}],"collection":[{"href":"https:\/\/www.funtropico.org\/index.php?rest_route=\/wp\/v2\/pages"}],"about":[{"href":"https:\/\/www.funtropico.org\/index.php?rest_route=\/wp\/v2\/types\/page"}],"author":[{"embeddable":true,"href":"https:\/\/www.funtropico.org\/index.php?rest_route=\/wp\/v2\/users\/1"}],"replies":[{"embeddable":true,"href":"https:\/\/www.funtropico.org\/index.php?rest_route=%2Fwp%2Fv2%2Fcomments&post=142"}],"version-history":[{"count":100,"href":"https:\/\/www.funtropico.org\/index.php?rest_route=\/wp\/v2\/pages\/142\/revisions"}],"predecessor-version":[{"id":977,"href":"https:\/\/www.funtropico.org\/index.php?rest_route=\/wp\/v2\/pages\/142\/revisions\/977"}],"wp:attachment":[{"href":"https:\/\/www.funtropico.org\/index.php?rest_route=%2Fwp%2Fv2%2Fmedia&parent=142"}],"curies":[{"name":"wp","href":"https:\/\/api.w.org\/{rel}","templated":true}]}}