
{"id":141,"date":"2015-11-09T13:50:50","date_gmt":"2015-11-09T13:50:50","guid":{"rendered":"http:\/\/qkthemes-demo.com\/wordpress\/construct\/?page_id=48"},"modified":"2018-04-26T11:17:36","modified_gmt":"2018-04-26T16:17:36","slug":"about-us","status":"publish","type":"page","link":"https:\/\/www.funtropico.org\/?page_id=141","title":{"rendered":"Conocenos"},"content":{"rendered":"<div class=\"wpb-content-wrapper\"><p>[vc_row][vc_column][vc_empty_space][\/vc_column][\/vc_row][vc_row][vc_column width=&#8221;1\/4&#8243;][vc_single_image image=&#8221;597&#8243; img_size=&#8221;full&#8221; add_caption=&#8221;yes&#8221; css_animation=&#8221;fadeIn&#8221;][\/vc_column][vc_column width=&#8221;3\/4&#8243;][vc_row_inner][vc_column_inner width=&#8221;5\/6&#8243;][vc_column_text css_animation=&#8221;bottom-to-top&#8221;]<\/p>\n<h2 style=\"text-align: justify;\">\u00bfQui\u00e9nes Somos?<\/h2>\n<p style=\"text-align: justify;\">La Fundaci\u00f3n Tr\u00f3pico, es una organizaci\u00f3n con personer\u00eda jur\u00eddica y con el N\u00famero de identificaci\u00f3n tributaria \u00a0812002602-9 emitida por la direcci\u00f3n de impuestos y aduanas nacionales en Noviembre 11 de 1998 con una duraci\u00f3n indefinida.<\/p>\n<p style=\"text-align: justify;\">Es una entidad de derecho civil, de inter\u00e9s p\u00fablico y sin \u00e1nimo de lucro; que construye alternativas de soluci\u00f3n a las problem\u00e1ticas sociales, econ\u00f3micas y ambientales, de las poblaciones objeto de su intervenci\u00f3n, contribuyendo al mejoramiento de la calidad de vida, aplicando metodolog\u00edas participativas en la que se asocian el intercambio de saberes, asesor\u00edas t\u00e9cnica, la promoci\u00f3n y consolidaci\u00f3n de procesos organizativos, de convivencia pac\u00edfica y productivos.<\/p>\n<p>[\/vc_column_text][\/vc_column_inner][vc_column_inner width=&#8221;1\/6&#8243;][\/vc_column_inner][\/vc_row_inner][vc_empty_space][\/vc_column][\/vc_row][vc_row][vc_column][vc_empty_space height=&#8221;12px&#8221;][vc_separator border_width=&#8221;2&#8243;][vc_empty_space height=&#8221;12px&#8221;][\/vc_column][\/vc_row][vc_row][vc_column][vc_empty_space][vc_column_text css_animation=&#8221;appear&#8221;]<\/p>\n<h1><span style=\"color: #a5cd37;\">Direccionamiento Estrat\u00e9gico<\/span><\/h1>\n<p>[\/vc_column_text][vc_empty_space height=&#8221;20px&#8221;][\/vc_column][\/vc_row][vc_row][vc_column width=&#8221;1\/4&#8243;][vc_single_image image=&#8221;606&#8243; img_size=&#8221;full&#8221; alignment=&#8221;center&#8221; style=&#8221;vc_box_shadow_3d&#8221; css_animation=&#8221;fadeInLeft&#8221; css=&#8221;.vc_custom_1524453531824{background-color: #ffffff !important;}&#8221;][\/vc_column][vc_column width=&#8221;3\/4&#8243;][vc_row_inner][vc_column_inner width=&#8221;5\/6&#8243;][vc_column_text css_animation=&#8221;fadeInRight&#8221;]<\/p>\n<h2 style=\"text-align: justify;\"><strong>Misi\u00f3n<\/strong><\/h2>\n<p style=\"text-align: justify;\">Orientar, dirigir y formar comunidades capaces de adelantar procesos de autogesti\u00f3n; a trav\u00e9s de la implementaci\u00f3n de mecanismos participativos, organizativos y de desarrollo econ\u00f3mico que le permita al individuo mejorar sus condiciones de vida. Todo enmarcado dentro de las pol\u00edticas del desarrollo sostenible y la protecci\u00f3n del medio ambiente.<\/p>\n<p>[\/vc_column_text][\/vc_column_inner][vc_column_inner width=&#8221;1\/6&#8243;][\/vc_column_inner][\/vc_row_inner][\/vc_column][\/vc_row][vc_row][vc_column][vc_empty_space][\/vc_column][\/vc_row][vc_row][vc_column width=&#8221;1\/4&#8243;][vc_single_image image=&#8221;607&#8243; img_size=&#8221;full&#8221; alignment=&#8221;center&#8221; style=&#8221;vc_box_shadow_3d&#8221; css_animation=&#8221;fadeInLeft&#8221;][\/vc_column][vc_column width=&#8221;3\/4&#8243;][vc_row_inner][vc_column_inner width=&#8221;5\/6&#8243;][vc_column_text css_animation=&#8221;fadeInRight&#8221;]<\/p>\n<h2 style=\"text-align: justify;\"><strong>Visi\u00f3n<\/strong><\/h2>\n<p style=\"text-align: justify;\">Consolidarse como una organizaci\u00f3n con alto sentido de responsabilidad social, econ\u00f3mica y ambiental; involucrando los conceptos de la eficiencia, el mejoramiento continuo y la calidad total alcanzando el desarrollo participativo e integral de nuestra regi\u00f3n.<\/p>\n<p>[\/vc_column_text][\/vc_column_inner][vc_column_inner width=&#8221;1\/6&#8243;][\/vc_column_inner][\/vc_row_inner][\/vc_column][\/vc_row][vc_row][vc_column][vc_empty_space][\/vc_column][\/vc_row][vc_row][vc_column width=&#8221;1\/4&#8243;][vc_single_image image=&#8221;608&#8243; img_size=&#8221;full&#8221; alignment=&#8221;center&#8221; style=&#8221;vc_box_shadow_3d&#8221; css_animation=&#8221;fadeInLeft&#8221;][\/vc_column][vc_column width=&#8221;3\/4&#8243;][vc_row_inner][vc_column_inner width=&#8221;5\/6&#8243;][vc_column_text css_animation=&#8221;fadeInRight&#8221;]<\/p>\n<h2 style=\"text-align: justify;\"><strong>Objetivo Corporativo<\/strong><\/h2>\n<p style=\"text-align: justify;\">Apoyar a las comunidades objeto de intervenci\u00f3n, mediante la puesta en marcha de iniciativas que tengan en cuenta el concepto de desarrollo a escala humana, la sostenibilidad ambiental, la convivencia pac\u00edfica, el respeto por la dignidad humana, la participaci\u00f3n comunitaria y las relaciones institucionales, como estrategia para el mejoramiento de sus condiciones de vida.<\/p>\n<p>[\/vc_column_text][\/vc_column_inner][vc_column_inner width=&#8221;1\/6&#8243;][\/vc_column_inner][\/vc_row_inner][\/vc_column][\/vc_row][vc_row][vc_column][vc_empty_space][\/vc_column][\/vc_row]<\/p>\n<\/div>","protected":false},"excerpt":{"rendered":"<p>[vc_row][vc_column][vc_empty_space][\/vc_column][\/vc_row][vc_row][vc_column width=&#8221;1\/4&#8243;][vc_single_image image=&#8221;597&#8243; img_size=&#8221;full&#8221; add_caption=&#8221;yes&#8221; css_animation=&#8221;fadeIn&#8221;][\/vc_column][vc_column width=&#8221;3\/4&#8243;][vc_row_inner][vc_column_inner width=&#8221;5\/6&#8243;][vc_column_text css_animation=&#8221;bottom-to-top&#8221;] \u00bfQui\u00e9nes Somos? La Fundaci\u00f3n Tr\u00f3pico, es una organizaci\u00f3n con personer\u00eda jur\u00eddica y con el N\u00famero de identificaci\u00f3n tributaria \u00a0812002602-9 emitida por la direcci\u00f3n de impuestos y aduanas nacionales en Noviembre 11 de 1998 con una duraci\u00f3n indefinida. Es una entidad de derecho civil, de inter\u00e9s p\u00fablicoLeer m\u00e1s &#8230;<\/p>\n","protected":false},"author":2,"featured_media":0,"parent":0,"menu_order":0,"comment_status":"closed","ping_status":"closed","template":"template-pagefull.php","meta":[],"acf":[],"_links":{"self":[{"href":"https:\/\/www.funtropico.org\/index.php?rest_route=\/wp\/v2\/pages\/141"}],"collection":[{"href":"https:\/\/www.funtropico.org\/index.php?rest_route=\/wp\/v2\/pages"}],"about":[{"href":"https:\/\/www.funtropico.org\/index.php?rest_route=\/wp\/v2\/types\/page"}],"author":[{"embeddable":true,"href":"https:\/\/www.funtropico.org\/index.php?rest_route=\/wp\/v2\/users\/2"}],"replies":[{"embeddable":true,"href":"https:\/\/www.funtropico.org\/index.php?rest_route=%2Fwp%2Fv2%2Fcomments&post=141"}],"version-history":[{"count":64,"href":"https:\/\/www.funtropico.org\/index.php?rest_route=\/wp\/v2\/pages\/141\/revisions"}],"predecessor-version":[{"id":786,"href":"https:\/\/www.funtropico.org\/index.php?rest_route=\/wp\/v2\/pages\/141\/revisions\/786"}],"wp:attachment":[{"href":"https:\/\/www.funtropico.org\/index.php?rest_route=%2Fwp%2Fv2%2Fmedia&parent=141"}],"curies":[{"name":"wp","href":"https:\/\/api.w.org\/{rel}","templated":true}]}}